{"id":13,"date":"2018-11-05T20:21:23","date_gmt":"2018-11-05T11:21:23","guid":{"rendered":"https:\/\/franchir-japan.com\/french\/?page_id=13"},"modified":"2023-04-10T20:24:43","modified_gmt":"2023-04-10T11:24:43","slug":"about","status":"publish","type":"page","link":"https:\/\/franchir-japan.com\/french\/about\/","title":{"rendered":"Profil de la soci\u00e9t\u00e9"},"content":{"rendered":"<div class=\"about-image\"><h1>Profil de la soci\u00e9t\u00e9<\/h1><\/div>\r\n\r\n<h2>Profil de la soci\u00e9t\u00e9<\/h2>\r\n\r\n<div class=\"franchir-description\" style=\"margin-bottom: 30px;\">\r\n\r\n<table class=\"service-no-border\">\r\n<tr>\r\n<th>Nom<\/th>\r\n<td>Franchir Co., Ltd.<br \/> (<a href=\"\/pdf\/Corporate_Profile.pdf\" target=\"_blank\" rel=\"noopener noreferrer\">Brochure de la soci\u00e9t\u00e9<\/a> \/ <a href=\"\/pdf\/franchir-OurManagementVision.pdf\" target=\"_blank\" rel=\"noopener noreferrer\">Notre vision de la gestion<\/a><!-- \/ <a href=\"\/pdf\/Price_List.pdf\" target=\"_blank\" rel=\"noopener noreferrer\">Liste des prix<\/a>-->)<\/td>\r\n<\/tr>\r\n<tr>\r\n<th>Adresse<\/th>\r\n<td>\u3012171-0031 Japon<br \/>\r\n4-19-27, Mejiro, Toshima-ku, Tokyo<br \/>\r\n&gt;<a href=\"\/french\/access\">Plan d&rsquo;acc\u00e8s<\/a><\/td>\r\n<\/tr>\r\n<tr>\r\n<th>TEL<\/th>\r\n<td><a href=\"tel:0369083671\">03-6908-3671<\/a><\/td>\r\n<\/tr>\r\n<tr>\r\n<th>FAX<\/th>\r\n<td>03-6908-3672<\/td>\r\n<\/tr>\r\n<tr>\r\n<th>Administrateur repr\u00e9sentant<\/th>\r\n<td>\r\nITO Hisae\r\n<div style=\"font-size: 12px; margin-top: -1px; line-height: 14px;\">(Utilise principalement son nom de jeune fille pour le travail : NABETA Hisae)<\/div>\r\n<div class=\"accbox-p\" style=\"margin-left: 0px;\">\r\n<input type=\"checkbox\" id=\"profile\" class=\"cssacc-p\" \/>\r\n<label for=\"profile\"><\/label>\r\n<div class=\"accshow-p\">\r\n<div  style=\"margin-top: 24px;\">\r\nN\u00e9e en 1972, dipl\u00f4m\u00e9e des beaux-arts, universit\u00e9 nationale de Yokohama. (\u00c9change universitaire en France en tant que boursi\u00e8re du minist\u00e8re de l&rsquo;\u00e9ducation durant sa 3\u00e8me ann\u00e9e)<br \/>\r\nMa\u00eetrise en \u00e9conomie du d\u00e9veloppement, \u00c9cole sup\u00e9rieure de l&rsquo;universit\u00e9 Hosei (Cours du soir).<br \/>\r\nApr\u00e8s une premi\u00e8re exp\u00e9rience dans une soci\u00e9t\u00e9 de commerce de vins, changement de carri\u00e8re vers une soci\u00e9t\u00e9 de traduction. <br \/>\r\nOfficie en tant que secr\u00e9taire pour un chef de Projet alg\u00e9rien pour un projet de construction d&rsquo;usine, engag\u00e9e en tant qu&rsquo;interpr\u00e8te japonais-fran\u00e7ais pour de nombreux projets de la JICA (Togo, Afrique centrale, Djibouti, Maroc, S\u00e9n\u00e9gal, Madagascar, Cap-Vert)\r\n<\/div>\r\n<\/div><!--accshow-p-->\r\n<\/div><!--accbox-p-->\r\n\r\n<\/td>\r\n<\/tr>\r\n<tr>\r\n<th>Capital<\/th>\r\n<td>3 millions de yens<\/td>\r\n<\/tr>\r\n<tr>\r\n<th>Date de cl\u00f4ture de l&rsquo;ann\u00e9e fiscale<\/th>\r\n<td>Le 31 d\u00e9cembre<\/td>\r\n<\/tr>\r\n<tr>\r\n<th>Banque<\/th>\r\n<td>Mizuho bank, Mitsui sumitomo bank<\/td>\r\n<\/tr>\r\n<tr>\r\n<th>Nombre d&#8217;employ\u00e9s<\/th>\r\n<td>15<\/td>\r\n<\/tr>\r\n<tr>\r\n<th>Licences \/ Qualification<\/th>\r\n<td>Licence pour placement de personnel payant (13-\u30e6-306690)<br \/>\r\nLicence pour d\u00e9tachement de personnel (\u6d3e13-305452)<br \/>\r\nSoci\u00e9t\u00e9 de traduction agr\u00e9\u00e9e par l&rsquo;Ambassade de France\r\n<\/td>\r\n<\/tr>\r\n<tr>\r\n<th>Groupe affili\u00e9<\/th>\r\n<td>Japan Translation Federation, Chambre de commerce et de l&rsquo;industrie de Tokyo, Japan Association for Trade with Russia and NIS (ROTOBO), Japan Users Association of Information Systems \uff08JUAS\uff09, Chambre de commerce et de l&rsquo;industrie fran\u00e7aise au Japon (CCIFJ)<\/td>\r\n<\/tr>\r\n<\/table>\r\n<\/div>\r\n\r\n<div class=\"accbox\" style=\"margin-left: 0px; margin-top: 40px;\">\r\n<input type=\"checkbox\" id=\"label03\" class=\"cssacc\" \/>\r\n<label for=\"label03\"><h4>Nos principaux clients<\/h4><\/label>\r\n<div class=\"accshow\">\r\n<div style=\"margin-top: 20px;\">\r\nAreva Japan, Bunkakobo, Central Consultant, COJAAL (construction consortium for East-West Algerian Highway), Crown Agents Japan, CTI Engineering International, Daiho Corporation, Earth and Human Corporation, Echo Corporation,\u3000Eurasia 21, EY Japan, Fire Equipment and Safety Center of Japan, Fujita Planning, Fukunaga Architects Engineers, Hitachi, IHI Corporation, International Council of Nurses, ITEC Corporation, Itochu Corporation, Japan Association for Trade with Russia and NIS\u3000Japan Forest Technology Association, Japan International Cooperation System, JGC Corporation, J-Power, Kajima Corporation, Katahira Engineering International, Kokusai Kogyo, Komori Corporation, Mitsubishi Heavy Industries, Mitsubishi-UFJ Research and Consulting, Mitsui OSK Lines, NHK Integrated Technology, Nihon Sekkei, Nippon Denki, Nippon Koei, NJS Consultants, Nomura, NTC International, Ogawa Seiki, Oriental Consultants, Relo Panasonic Excel International, Sekkei Keikaku, Swing Corporation, System Science Consultants, TEPCO, Toda Corporation, Tokura Corporation, Toyota Tsusho Corporation, Unico International, Yachiyo Engineering, Yamashita Sekkei, Yokogawa Bridge Corporation, autres.<\/div>\r\n<\/div><!--accshow-->\r\n<\/div><!--accbox-->","protected":false},"excerpt":{"rendered":"<p>Profil de la soci\u00e9t\u00e9 Profil de la soci\u00e9t\u00e9 Nom Franchir Co., Ltd. (Brochure de la soci\u00e9t\u00e9 \/ Notre vision de la gestion) Adresse \u3012171-0031 Japon 4-19-27, Mejiro, Toshima-ku, Tokyo &gt;Plan d&rsquo;acc\u00e8s TEL 03-6908-3671 FAX 03-6908-3672 Administrateur repr\u00e9sentant ITO Hisae (Utilise principalement son nom de jeune fille pour le travail : NABETA Hisae) N\u00e9e en 1972, dipl\u00f4m\u00e9e des beaux-arts, universit\u00e9 nationale de Yokohama. (\u00c9change universitaire en France en tant que boursi\u00e8re du minist\u00e8re de l&rsquo;\u00e9ducation durant sa 3\u00e8me ann\u00e9e) Ma\u00eetrise en \u00e9conomie du d\u00e9veloppement, \u00c9cole sup\u00e9rieure de l&rsquo;universit\u00e9 Hosei (Cours du soir). Apr\u00e8s une premi\u00e8re exp\u00e9rience dans une soci\u00e9t\u00e9 de commerce de vins, changement de carri\u00e8re vers une soci\u00e9t\u00e9 de traduction. [&hellip;]<\/p>\n","protected":false},"author":1,"featured_media":0,"parent":0,"menu_order":0,"comment_status":"closed","ping_status":"closed","template":"page.php","meta":[],"_links":{"self":[{"href":"https:\/\/franchir-japan.com\/french\/wp-json\/wp\/v2\/pages\/13"}],"collection":[{"href":"https:\/\/franchir-japan.com\/french\/wp-json\/wp\/v2\/pages"}],"about":[{"href":"https:\/\/franchir-japan.com\/french\/wp-json\/wp\/v2\/types\/page"}],"author":[{"embeddable":true,"href":"https:\/\/franchir-japan.com\/french\/wp-json\/wp\/v2\/users\/1"}],"replies":[{"embeddable":true,"href":"https:\/\/franchir-japan.com\/french\/wp-json\/wp\/v2\/comments?post=13"}],"version-history":[{"count":3,"href":"https:\/\/franchir-japan.com\/french\/wp-json\/wp\/v2\/pages\/13\/revisions"}],"predecessor-version":[{"id":83,"href":"https:\/\/franchir-japan.com\/french\/wp-json\/wp\/v2\/pages\/13\/revisions\/83"}],"wp:attachment":[{"href":"https:\/\/franchir-japan.com\/french\/wp-json\/wp\/v2\/media?parent=13"}],"curies":[{"name":"wp","href":"https:\/\/api.w.org\/{rel}","templated":true}]}}